{"id":6,"date":"2012-10-02T19:43:12","date_gmt":"2012-10-02T19:43:12","guid":{"rendered":"http:\/\/itingagospel.com.br\/portal\/?page_id=6"},"modified":"2023-07-11T22:46:41","modified_gmt":"2023-07-11T22:46:41","slug":"contato","status":"publish","type":"page","link":"https:\/\/itingagospel.com.br\/portal\/contato\/","title":{"rendered":"CONTATO"},"content":{"rendered":"<p>Entre em contato conosco!<\/p>\n<p><strong><span style=\"color: #800000; font-family: Arial;\">Tel.<\/span> Tim(<span style=\"font-family: Arial;\">74) 99105-7021 ou <strong>99154-1806 <\/strong>(Esses n\u00fameros tamb\u00e9m s\u00e3o whatsapp)<br \/>\n<\/span><\/strong><\/p>\n<p><strong><span style=\"font-family: Arial;\">E-mail:<\/span><span style=\"color: #000080; font-family: Arial;\"> contato@itingagospel.com.br<\/span><\/strong><\/p>\n\n<div class=\"wpcf7 no-js\" id=\"wpcf7-f862-o1\" lang=\"en-US\" dir=\"ltr\" data-wpcf7-id=\"862\">\n<div class=\"screen-reader-response\"><p role=\"status\" aria-live=\"polite\" aria-atomic=\"true\"><\/p> <ul><\/ul><\/div>\n<form action=\"\/portal\/wp-json\/wp\/v2\/pages\/6#wpcf7-f862-o1\" method=\"post\" class=\"wpcf7-form init\" aria-label=\"Contact form\" novalidate=\"novalidate\" data-status=\"init\">\n<fieldset class=\"hidden-fields-container\"><input type=\"hidden\" name=\"_wpcf7\" value=\"862\" \/><input type=\"hidden\" name=\"_wpcf7_version\" value=\"6.1.5\" \/><input type=\"hidden\" name=\"_wpcf7_locale\" value=\"en_US\" \/><input type=\"hidden\" name=\"_wpcf7_unit_tag\" value=\"wpcf7-f862-o1\" \/><input type=\"hidden\" name=\"_wpcf7_container_post\" value=\"0\" \/><input type=\"hidden\" name=\"_wpcf7_posted_data_hash\" value=\"\" \/>\n<\/fieldset>\n<p>O seu nome (obrigat\u00f3rio)\n<\/p>\n<p><span class=\"wpcf7-form-control-wrap\" data-name=\"your-name\"><input size=\"40\" maxlength=\"400\" class=\"wpcf7-form-control wpcf7-text wpcf7-validates-as-required\" aria-required=\"true\" aria-invalid=\"false\" value=\"\" type=\"text\" name=\"your-name\" \/><\/span>\n<\/p>\n<p>O seu e-mail (obrigat\u00f3rio)\n<\/p>\n<p><span class=\"wpcf7-form-control-wrap\" data-name=\"your-email\"><input size=\"40\" maxlength=\"400\" class=\"wpcf7-form-control wpcf7-email wpcf7-validates-as-required wpcf7-text wpcf7-validates-as-email\" aria-required=\"true\" aria-invalid=\"false\" value=\"\" type=\"email\" name=\"your-email\" \/><\/span>\n<\/p>\n<p>Assunto\n<\/p>\n<p><span class=\"wpcf7-form-control-wrap\" data-name=\"your-subject\"><input size=\"40\" maxlength=\"400\" class=\"wpcf7-form-control wpcf7-text\" aria-invalid=\"false\" value=\"\" type=\"text\" name=\"your-subject\" \/><\/span>\n<\/p>\n<p>A sua mensagem\n<\/p>\n<p><span class=\"wpcf7-form-control-wrap\" data-name=\"your-message\"><textarea cols=\"40\" rows=\"10\" maxlength=\"2000\" class=\"wpcf7-form-control wpcf7-textarea\" aria-invalid=\"false\" name=\"your-message\"><\/textarea><\/span>\n<\/p>\n<p><input class=\"wpcf7-form-control wpcf7-submit has-spinner\" type=\"submit\" value=\"Enviar\" \/>\n<\/p><div class=\"wpcf7-response-output\" aria-hidden=\"true\"><\/div>\n<\/form>\n<\/div>\n\n","protected":false},"excerpt":{"rendered":"<p>Entre em contato conosco! Tel. Tim(74) 99105-7021 ou 99154-1806 (Esses n\u00fameros tamb\u00e9m s\u00e3o whatsapp) E-mail: contato@itingagospel.com.br<\/p>\n","protected":false},"author":1,"featured_media":0,"parent":0,"menu_order":0,"comment_status":"open","ping_status":"open","template":"","meta":{"colormag_page_container_layout":"default_layout","colormag_page_sidebar_layout":"default_layout","_uag_custom_page_level_css":"","h5ap_radio_sources":[],"footnotes":""},"class_list":["post-6","page","type-page","status-publish","hentry"],"yoast_head":"<!-- This site is optimized with the Yoast SEO plugin v27.4 - https:\/\/yoast.com\/product\/yoast-seo-wordpress\/ -->\n<title>CONTATO - Itinga Gospel<\/title>\n<meta name=\"robots\" content=\"index, follow, max-snippet:-1, max-image-preview:large, max-video-preview:-1\" \/>\n<link rel=\"canonical\" href=\"https:\/\/itingagospel.com.br\/portal\/contato\/\" \/>\n<meta property=\"og:locale\" content=\"pt_BR\" \/>\n<meta property=\"og:type\" content=\"article\" \/>\n<meta property=\"og:title\" content=\"CONTATO - Itinga Gospel\" \/>\n<meta property=\"og:description\" content=\"Entre em contato conosco! Tel. Tim(74) 99105-7021 ou 99154-1806 (Esses n\u00fameros tamb\u00e9m s\u00e3o whatsapp) E-mail: contato@itingagospel.com.br\" \/>\n<meta property=\"og:url\" content=\"https:\/\/itingagospel.com.br\/portal\/contato\/\" \/>\n<meta property=\"og:site_name\" content=\"Itinga Gospel\" \/>\n<meta property=\"article:modified_time\" content=\"2023-07-11T22:46:41+00:00\" \/>\n<meta name=\"twitter:card\" content=\"summary_large_image\" \/>\n<meta name=\"twitter:label1\" content=\"Est. tempo de leitura\" \/>\n\t<meta name=\"twitter:data1\" content=\"1 minuto\" \/>\n<script type=\"application\/ld+json\" class=\"yoast-schema-graph\">{\"@context\":\"https:\\\/\\\/schema.org\",\"@graph\":[{\"@type\":\"WebPage\",\"@id\":\"https:\\\/\\\/itingagospel.com.br\\\/portal\\\/contato\\\/\",\"url\":\"https:\\\/\\\/itingagospel.com.br\\\/portal\\\/contato\\\/\",\"name\":\"CONTATO - Itinga Gospel\",\"isPartOf\":{\"@id\":\"https:\\\/\\\/itingagospel.com.br\\\/portal\\\/#website\"},\"datePublished\":\"2012-10-02T19:43:12+00:00\",\"dateModified\":\"2023-07-11T22:46:41+00:00\",\"breadcrumb\":{\"@id\":\"https:\\\/\\\/itingagospel.com.br\\\/portal\\\/contato\\\/#breadcrumb\"},\"inLanguage\":\"pt-BR\",\"potentialAction\":[{\"@type\":\"ReadAction\",\"target\":[\"https:\\\/\\\/itingagospel.com.br\\\/portal\\\/contato\\\/\"]}]},{\"@type\":\"BreadcrumbList\",\"@id\":\"https:\\\/\\\/itingagospel.com.br\\\/portal\\\/contato\\\/#breadcrumb\",\"itemListElement\":[{\"@type\":\"ListItem\",\"position\":1,\"name\":\"In\u00edcio\",\"item\":\"https:\\\/\\\/itingagospel.com.br\\\/portal\\\/\"},{\"@type\":\"ListItem\",\"position\":2,\"name\":\"CONTATO\"}]},{\"@type\":\"WebSite\",\"@id\":\"https:\\\/\\\/itingagospel.com.br\\\/portal\\\/#website\",\"url\":\"https:\\\/\\\/itingagospel.com.br\\\/portal\\\/\",\"name\":\"Itinga Gospel\",\"description\":\"O Portal do Povo de Deus na Bahia\",\"publisher\":{\"@id\":\"https:\\\/\\\/itingagospel.com.br\\\/portal\\\/#\\\/schema\\\/person\\\/35bfe40a3857f9e7e52d8cd137bb766b\"},\"potentialAction\":[{\"@type\":\"SearchAction\",\"target\":{\"@type\":\"EntryPoint\",\"urlTemplate\":\"https:\\\/\\\/itingagospel.com.br\\\/portal\\\/?s={search_term_string}\"},\"query-input\":{\"@type\":\"PropertyValueSpecification\",\"valueRequired\":true,\"valueName\":\"search_term_string\"}}],\"inLanguage\":\"pt-BR\"},{\"@type\":[\"Person\",\"Organization\"],\"@id\":\"https:\\\/\\\/itingagospel.com.br\\\/portal\\\/#\\\/schema\\\/person\\\/35bfe40a3857f9e7e52d8cd137bb766b\",\"name\":\"itingagospel\",\"image\":{\"@type\":\"ImageObject\",\"inLanguage\":\"pt-BR\",\"@id\":\"https:\\\/\\\/itingagospel.com.br\\\/portal\\\/wp-content\\\/uploads\\\/2022\\\/10\\\/cropped-logitingagospel.png\",\"url\":\"https:\\\/\\\/itingagospel.com.br\\\/portal\\\/wp-content\\\/uploads\\\/2022\\\/10\\\/cropped-logitingagospel.png\",\"contentUrl\":\"https:\\\/\\\/itingagospel.com.br\\\/portal\\\/wp-content\\\/uploads\\\/2022\\\/10\\\/cropped-logitingagospel.png\",\"width\":512,\"height\":512,\"caption\":\"itingagospel\"},\"logo\":{\"@id\":\"https:\\\/\\\/itingagospel.com.br\\\/portal\\\/wp-content\\\/uploads\\\/2022\\\/10\\\/cropped-logitingagospel.png\"}}]}<\/script>\n<!-- \/ Yoast SEO plugin. -->","yoast_head_json":{"title":"CONTATO - Itinga Gospel","robots":{"index":"index","follow":"follow","max-snippet":"max-snippet:-1","max-image-preview":"max-image-preview:large","max-video-preview":"max-video-preview:-1"},"canonical":"https:\/\/itingagospel.com.br\/portal\/contato\/","og_locale":"pt_BR","og_type":"article","og_title":"CONTATO - Itinga Gospel","og_description":"Entre em contato conosco! Tel. Tim(74) 99105-7021 ou 99154-1806 (Esses n\u00fameros tamb\u00e9m s\u00e3o whatsapp) E-mail: contato@itingagospel.com.br","og_url":"https:\/\/itingagospel.com.br\/portal\/contato\/","og_site_name":"Itinga Gospel","article_modified_time":"2023-07-11T22:46:41+00:00","twitter_card":"summary_large_image","twitter_misc":{"Est. tempo de leitura":"1 minuto"},"schema":{"@context":"https:\/\/schema.org","@graph":[{"@type":"WebPage","@id":"https:\/\/itingagospel.com.br\/portal\/contato\/","url":"https:\/\/itingagospel.com.br\/portal\/contato\/","name":"CONTATO - Itinga Gospel","isPartOf":{"@id":"https:\/\/itingagospel.com.br\/portal\/#website"},"datePublished":"2012-10-02T19:43:12+00:00","dateModified":"2023-07-11T22:46:41+00:00","breadcrumb":{"@id":"https:\/\/itingagospel.com.br\/portal\/contato\/#breadcrumb"},"inLanguage":"pt-BR","potentialAction":[{"@type":"ReadAction","target":["https:\/\/itingagospel.com.br\/portal\/contato\/"]}]},{"@type":"BreadcrumbList","@id":"https:\/\/itingagospel.com.br\/portal\/contato\/#breadcrumb","itemListElement":[{"@type":"ListItem","position":1,"name":"In\u00edcio","item":"https:\/\/itingagospel.com.br\/portal\/"},{"@type":"ListItem","position":2,"name":"CONTATO"}]},{"@type":"WebSite","@id":"https:\/\/itingagospel.com.br\/portal\/#website","url":"https:\/\/itingagospel.com.br\/portal\/","name":"Itinga Gospel","description":"O Portal do Povo de Deus na Bahia","publisher":{"@id":"https:\/\/itingagospel.com.br\/portal\/#\/schema\/person\/35bfe40a3857f9e7e52d8cd137bb766b"},"potentialAction":[{"@type":"SearchAction","target":{"@type":"EntryPoint","urlTemplate":"https:\/\/itingagospel.com.br\/portal\/?s={search_term_string}"},"query-input":{"@type":"PropertyValueSpecification","valueRequired":true,"valueName":"search_term_string"}}],"inLanguage":"pt-BR"},{"@type":["Person","Organization"],"@id":"https:\/\/itingagospel.com.br\/portal\/#\/schema\/person\/35bfe40a3857f9e7e52d8cd137bb766b","name":"itingagospel","image":{"@type":"ImageObject","inLanguage":"pt-BR","@id":"https:\/\/itingagospel.com.br\/portal\/wp-content\/uploads\/2022\/10\/cropped-logitingagospel.png","url":"https:\/\/itingagospel.com.br\/portal\/wp-content\/uploads\/2022\/10\/cropped-logitingagospel.png","contentUrl":"https:\/\/itingagospel.com.br\/portal\/wp-content\/uploads\/2022\/10\/cropped-logitingagospel.png","width":512,"height":512,"caption":"itingagospel"},"logo":{"@id":"https:\/\/itingagospel.com.br\/portal\/wp-content\/uploads\/2022\/10\/cropped-logitingagospel.png"}}]}},"uagb_featured_image_src":{"full":false,"thumbnail":false,"medium":false,"medium_large":false,"large":false,"1536x1536":false,"2048x2048":false,"colormag-highlighted-post":false,"colormag-featured-post-medium":false,"colormag-featured-post-small":false,"colormag-featured-image":false,"colormag-default-news":false,"colormag-featured-image-large":false},"uagb_author_info":{"display_name":"itingagospel","author_link":"https:\/\/itingagospel.com.br\/portal\/author\/itingagospel\/"},"uagb_comment_info":34,"uagb_excerpt":"Entre em contato conosco! Tel. Tim(74) 99105-7021 ou 99154-1806 (Esses n\u00fameros tamb\u00e9m s\u00e3o whatsapp) E-mail: contato@itingagospel.com.br","_links":{"self":[{"href":"https:\/\/itingagospel.com.br\/portal\/wp-json\/wp\/v2\/pages\/6","targetHints":{"allow":["GET"]}}],"collection":[{"href":"https:\/\/itingagospel.com.br\/portal\/wp-json\/wp\/v2\/pages"}],"about":[{"href":"https:\/\/itingagospel.com.br\/portal\/wp-json\/wp\/v2\/types\/page"}],"author":[{"embeddable":true,"href":"https:\/\/itingagospel.com.br\/portal\/wp-json\/wp\/v2\/users\/1"}],"replies":[{"embeddable":true,"href":"https:\/\/itingagospel.com.br\/portal\/wp-json\/wp\/v2\/comments?post=6"}],"version-history":[{"count":13,"href":"https:\/\/itingagospel.com.br\/portal\/wp-json\/wp\/v2\/pages\/6\/revisions"}],"predecessor-version":[{"id":39515,"href":"https:\/\/itingagospel.com.br\/portal\/wp-json\/wp\/v2\/pages\/6\/revisions\/39515"}],"wp:attachment":[{"href":"https:\/\/itingagospel.com.br\/portal\/wp-json\/wp\/v2\/media?parent=6"}],"curies":[{"name":"wp","href":"https:\/\/api.w.org\/{rel}","templated":true}]}}