{"id":10,"date":"2012-10-02T19:43:45","date_gmt":"2012-10-02T19:43:45","guid":{"rendered":"http:\/\/itingagospel.com.br\/portal\/?page_id=10"},"modified":"2026-02-13T00:50:24","modified_gmt":"2026-02-13T00:50:24","slug":"quem-somos","status":"publish","type":"page","link":"https:\/\/itingagospel.com.br\/portal\/quem-somos\/","title":{"rendered":"QUEM SOMOS"},"content":{"rendered":"\n<p>O <strong>Itinga Gospel<\/strong> nasceu em 2010 com a miss\u00e3o de propagar a Palavra de Deus por meio da internet, utilizando a comunica\u00e7\u00e3o digital como instrumento de edifica\u00e7\u00e3o, informa\u00e7\u00e3o e conex\u00e3o entre o povo crist\u00e3o.<\/p>\n\n\n\n<p>Somos um portal dedicado \u00e0 divulga\u00e7\u00e3o das a\u00e7\u00f5es, projetos e trabalhos desenvolvidos por igrejas e minist\u00e9rios, fortalecendo a visibilidade da obra de Deus na cidade e regi\u00e3o.<\/p>\n\n\n\n<p>Reconhecido como o portal do povo de Deus na regi\u00e3o, o Itinga Gospel atua na publica\u00e7\u00e3o de not\u00edcias, informativos e coberturas especiais das igrejas evang\u00e9licas de <strong>Ant\u00f4nio Gon\u00e7alves e regi\u00e3o<\/strong>, al\u00e9m de trazer atualiza\u00e7\u00f5es relevantes sobre eventos gospel e os principais acontecimentos do cen\u00e1rio evang\u00e9lico no Brasil e no mundo.<\/p>\n","protected":false},"excerpt":{"rendered":"<p>O Itinga Gospel nasceu em 2010 com a miss\u00e3o de propagar a Palavra de Deus por meio da internet, utilizando<\/p>\n","protected":false},"author":1,"featured_media":0,"parent":0,"menu_order":0,"comment_status":"open","ping_status":"open","template":"","meta":{"colormag_page_container_layout":"default_layout","colormag_page_sidebar_layout":"default_layout","_uag_custom_page_level_css":"","h5ap_radio_sources":[],"footnotes":""},"class_list":["post-10","page","type-page","status-publish","hentry"],"yoast_head":"<!-- This site is optimized with the Yoast SEO plugin v27.4 - https:\/\/yoast.com\/product\/yoast-seo-wordpress\/ -->\n<title>QUEM SOMOS - Itinga Gospel<\/title>\n<meta name=\"robots\" content=\"index, follow, max-snippet:-1, max-image-preview:large, max-video-preview:-1\" \/>\n<link rel=\"canonical\" href=\"https:\/\/itingagospel.com.br\/portal\/quem-somos\/\" \/>\n<meta property=\"og:locale\" content=\"pt_BR\" \/>\n<meta property=\"og:type\" content=\"article\" \/>\n<meta property=\"og:title\" content=\"QUEM SOMOS - Itinga Gospel\" \/>\n<meta property=\"og:description\" content=\"O Itinga Gospel nasceu em 2010 com a miss\u00e3o de propagar a Palavra de Deus por meio da internet, utilizando\" \/>\n<meta property=\"og:url\" content=\"https:\/\/itingagospel.com.br\/portal\/quem-somos\/\" \/>\n<meta property=\"og:site_name\" content=\"Itinga Gospel\" \/>\n<meta property=\"article:modified_time\" content=\"2026-02-13T00:50:24+00:00\" \/>\n<meta name=\"twitter:card\" content=\"summary_large_image\" \/>\n<meta name=\"twitter:label1\" content=\"Est. tempo de leitura\" \/>\n\t<meta name=\"twitter:data1\" content=\"1 minuto\" \/>\n<script type=\"application\/ld+json\" class=\"yoast-schema-graph\">{\"@context\":\"https:\\\/\\\/schema.org\",\"@graph\":[{\"@type\":\"WebPage\",\"@id\":\"https:\\\/\\\/itingagospel.com.br\\\/portal\\\/quem-somos\\\/\",\"url\":\"https:\\\/\\\/itingagospel.com.br\\\/portal\\\/quem-somos\\\/\",\"name\":\"QUEM SOMOS - Itinga Gospel\",\"isPartOf\":{\"@id\":\"https:\\\/\\\/itingagospel.com.br\\\/portal\\\/#website\"},\"datePublished\":\"2012-10-02T19:43:45+00:00\",\"dateModified\":\"2026-02-13T00:50:24+00:00\",\"breadcrumb\":{\"@id\":\"https:\\\/\\\/itingagospel.com.br\\\/portal\\\/quem-somos\\\/#breadcrumb\"},\"inLanguage\":\"pt-BR\",\"potentialAction\":[{\"@type\":\"ReadAction\",\"target\":[\"https:\\\/\\\/itingagospel.com.br\\\/portal\\\/quem-somos\\\/\"]}]},{\"@type\":\"BreadcrumbList\",\"@id\":\"https:\\\/\\\/itingagospel.com.br\\\/portal\\\/quem-somos\\\/#breadcrumb\",\"itemListElement\":[{\"@type\":\"ListItem\",\"position\":1,\"name\":\"In\u00edcio\",\"item\":\"https:\\\/\\\/itingagospel.com.br\\\/portal\\\/\"},{\"@type\":\"ListItem\",\"position\":2,\"name\":\"QUEM SOMOS\"}]},{\"@type\":\"WebSite\",\"@id\":\"https:\\\/\\\/itingagospel.com.br\\\/portal\\\/#website\",\"url\":\"https:\\\/\\\/itingagospel.com.br\\\/portal\\\/\",\"name\":\"Itinga Gospel\",\"description\":\"O Portal do Povo de Deus na Bahia\",\"publisher\":{\"@id\":\"https:\\\/\\\/itingagospel.com.br\\\/portal\\\/#\\\/schema\\\/person\\\/35bfe40a3857f9e7e52d8cd137bb766b\"},\"potentialAction\":[{\"@type\":\"SearchAction\",\"target\":{\"@type\":\"EntryPoint\",\"urlTemplate\":\"https:\\\/\\\/itingagospel.com.br\\\/portal\\\/?s={search_term_string}\"},\"query-input\":{\"@type\":\"PropertyValueSpecification\",\"valueRequired\":true,\"valueName\":\"search_term_string\"}}],\"inLanguage\":\"pt-BR\"},{\"@type\":[\"Person\",\"Organization\"],\"@id\":\"https:\\\/\\\/itingagospel.com.br\\\/portal\\\/#\\\/schema\\\/person\\\/35bfe40a3857f9e7e52d8cd137bb766b\",\"name\":\"itingagospel\",\"image\":{\"@type\":\"ImageObject\",\"inLanguage\":\"pt-BR\",\"@id\":\"https:\\\/\\\/itingagospel.com.br\\\/portal\\\/wp-content\\\/uploads\\\/2022\\\/10\\\/cropped-logitingagospel.png\",\"url\":\"https:\\\/\\\/itingagospel.com.br\\\/portal\\\/wp-content\\\/uploads\\\/2022\\\/10\\\/cropped-logitingagospel.png\",\"contentUrl\":\"https:\\\/\\\/itingagospel.com.br\\\/portal\\\/wp-content\\\/uploads\\\/2022\\\/10\\\/cropped-logitingagospel.png\",\"width\":512,\"height\":512,\"caption\":\"itingagospel\"},\"logo\":{\"@id\":\"https:\\\/\\\/itingagospel.com.br\\\/portal\\\/wp-content\\\/uploads\\\/2022\\\/10\\\/cropped-logitingagospel.png\"}}]}<\/script>\n<!-- \/ Yoast SEO plugin. -->","yoast_head_json":{"title":"QUEM SOMOS - Itinga Gospel","robots":{"index":"index","follow":"follow","max-snippet":"max-snippet:-1","max-image-preview":"max-image-preview:large","max-video-preview":"max-video-preview:-1"},"canonical":"https:\/\/itingagospel.com.br\/portal\/quem-somos\/","og_locale":"pt_BR","og_type":"article","og_title":"QUEM SOMOS - Itinga Gospel","og_description":"O Itinga Gospel nasceu em 2010 com a miss\u00e3o de propagar a Palavra de Deus por meio da internet, utilizando","og_url":"https:\/\/itingagospel.com.br\/portal\/quem-somos\/","og_site_name":"Itinga Gospel","article_modified_time":"2026-02-13T00:50:24+00:00","twitter_card":"summary_large_image","twitter_misc":{"Est. tempo de leitura":"1 minuto"},"schema":{"@context":"https:\/\/schema.org","@graph":[{"@type":"WebPage","@id":"https:\/\/itingagospel.com.br\/portal\/quem-somos\/","url":"https:\/\/itingagospel.com.br\/portal\/quem-somos\/","name":"QUEM SOMOS - Itinga Gospel","isPartOf":{"@id":"https:\/\/itingagospel.com.br\/portal\/#website"},"datePublished":"2012-10-02T19:43:45+00:00","dateModified":"2026-02-13T00:50:24+00:00","breadcrumb":{"@id":"https:\/\/itingagospel.com.br\/portal\/quem-somos\/#breadcrumb"},"inLanguage":"pt-BR","potentialAction":[{"@type":"ReadAction","target":["https:\/\/itingagospel.com.br\/portal\/quem-somos\/"]}]},{"@type":"BreadcrumbList","@id":"https:\/\/itingagospel.com.br\/portal\/quem-somos\/#breadcrumb","itemListElement":[{"@type":"ListItem","position":1,"name":"In\u00edcio","item":"https:\/\/itingagospel.com.br\/portal\/"},{"@type":"ListItem","position":2,"name":"QUEM SOMOS"}]},{"@type":"WebSite","@id":"https:\/\/itingagospel.com.br\/portal\/#website","url":"https:\/\/itingagospel.com.br\/portal\/","name":"Itinga Gospel","description":"O Portal do Povo de Deus na Bahia","publisher":{"@id":"https:\/\/itingagospel.com.br\/portal\/#\/schema\/person\/35bfe40a3857f9e7e52d8cd137bb766b"},"potentialAction":[{"@type":"SearchAction","target":{"@type":"EntryPoint","urlTemplate":"https:\/\/itingagospel.com.br\/portal\/?s={search_term_string}"},"query-input":{"@type":"PropertyValueSpecification","valueRequired":true,"valueName":"search_term_string"}}],"inLanguage":"pt-BR"},{"@type":["Person","Organization"],"@id":"https:\/\/itingagospel.com.br\/portal\/#\/schema\/person\/35bfe40a3857f9e7e52d8cd137bb766b","name":"itingagospel","image":{"@type":"ImageObject","inLanguage":"pt-BR","@id":"https:\/\/itingagospel.com.br\/portal\/wp-content\/uploads\/2022\/10\/cropped-logitingagospel.png","url":"https:\/\/itingagospel.com.br\/portal\/wp-content\/uploads\/2022\/10\/cropped-logitingagospel.png","contentUrl":"https:\/\/itingagospel.com.br\/portal\/wp-content\/uploads\/2022\/10\/cropped-logitingagospel.png","width":512,"height":512,"caption":"itingagospel"},"logo":{"@id":"https:\/\/itingagospel.com.br\/portal\/wp-content\/uploads\/2022\/10\/cropped-logitingagospel.png"}}]}},"uagb_featured_image_src":{"full":false,"thumbnail":false,"medium":false,"medium_large":false,"large":false,"1536x1536":false,"2048x2048":false,"colormag-highlighted-post":false,"colormag-featured-post-medium":false,"colormag-featured-post-small":false,"colormag-featured-image":false,"colormag-default-news":false,"colormag-featured-image-large":false},"uagb_author_info":{"display_name":"itingagospel","author_link":"https:\/\/itingagospel.com.br\/portal\/author\/itingagospel\/"},"uagb_comment_info":2,"uagb_excerpt":"O Itinga Gospel nasceu em 2010 com a miss\u00e3o de propagar a Palavra de Deus por meio da internet, utilizando","_links":{"self":[{"href":"https:\/\/itingagospel.com.br\/portal\/wp-json\/wp\/v2\/pages\/10","targetHints":{"allow":["GET"]}}],"collection":[{"href":"https:\/\/itingagospel.com.br\/portal\/wp-json\/wp\/v2\/pages"}],"about":[{"href":"https:\/\/itingagospel.com.br\/portal\/wp-json\/wp\/v2\/types\/page"}],"author":[{"embeddable":true,"href":"https:\/\/itingagospel.com.br\/portal\/wp-json\/wp\/v2\/users\/1"}],"replies":[{"embeddable":true,"href":"https:\/\/itingagospel.com.br\/portal\/wp-json\/wp\/v2\/comments?post=10"}],"version-history":[{"count":15,"href":"https:\/\/itingagospel.com.br\/portal\/wp-json\/wp\/v2\/pages\/10\/revisions"}],"predecessor-version":[{"id":42214,"href":"https:\/\/itingagospel.com.br\/portal\/wp-json\/wp\/v2\/pages\/10\/revisions\/42214"}],"wp:attachment":[{"href":"https:\/\/itingagospel.com.br\/portal\/wp-json\/wp\/v2\/media?parent=10"}],"curies":[{"name":"wp","href":"https:\/\/api.w.org\/{rel}","templated":true}]}}